{"id":3814,"date":"2023-10-06T16:25:22","date_gmt":"2023-10-06T14:25:22","guid":{"rendered":"https:\/\/www.ressourcesvives.com\/?page_id=3814"},"modified":"2026-04-25T00:00:08","modified_gmt":"2026-04-24T22:00:08","slug":"horaires-et-tarifs","status":"publish","type":"page","link":"https:\/\/www.ressourcesvives.com\/index.php\/horaires-et-tarifs\/","title":{"rendered":"Horaires et tarifs 2025-2026"},"content":{"rendered":"\n<p><\/p>\n\n\n\n<h2 class=\"wp-block-heading\">Tarifs \u00e9cole et coll\u00e8ge Ressources Vives<\/h2>\n\n\n\n<p><\/p>\n\n\n\n<figure class=\"wp-block-table\"><table class=\"has-fixed-layout\"><tbody><tr><td><strong>du CP \u00e0 la 5\u00e8me<\/strong><\/td><td><strong>TEMPS COMPLET<\/strong><\/td><\/tr><tr><td><strong>Frais de dossier<\/strong> <strong>et fournitures<\/strong><\/td><td><em>20<\/em>0\u20ac<\/td><\/tr><tr><td><strong>Frais \u00e9colage<\/strong> annuels<\/td><td><em>4800\u20ac<\/em><\/td><\/tr><\/tbody><\/table><\/figure>\n\n\n\n<figure class=\"wp-block-table\"><table class=\"has-fixed-layout\"><tbody><tr><td><strong>4<strong>\u00e8me<\/strong> et 3<strong>\u00e8me<\/strong><\/strong><\/td><td><strong>TEMPS COMPLET<\/strong><\/td><\/tr><tr><td><strong>Frais de dossier<\/strong> <strong>et fournitures<\/strong><\/td><td><em>25<\/em>0\u20ac<\/td><\/tr><tr><td><strong>Frais \u00e9colage<\/strong><\/td><td><em>5000\u20ac<\/em><\/td><\/tr><\/tbody><\/table><\/figure>\n\n\n\n<p>L&rsquo;ensemble des frais peut \u00eatre mensualisable de septembre \u00e0 juin ou de septembre \u00e0 ao\u00fbt. En cas de difficult\u00e9s financi\u00e8res, n&rsquo;h\u00e9sitez pas \u00e0 en faire part \u00e0 la direction, des solutions solidaires peuvent \u00eatre trouv\u00e9es.<\/p>\n\n\n\n<h4 class=\"wp-block-heading\">Les repas<\/h4>\n\n\n\n<p>Les \u00e9l\u00e8ves peuvent venir avec un repas tir\u00e9 du sac (froid ou r\u00e9chauff\u00e9 au four, plaque \u00e9lectrique ou micro-onde) Ils b\u00e9n\u00e9ficient alors d&rsquo;une surveillance m\u00e9ridienne durant laquelle ils peuvent s&rsquo;adonner \u00e0 des activit\u00e9s libres et encadr\u00e9es. Ils peuvent \u00e9galement rentrer chez eux entre  12 h et 13 h 30. <\/p>\n\n\n\n<figure class=\"wp-block-table\"><table class=\"has-fixed-layout\"><tbody><tr><td><strong>Surveillance m\u00e9ridienne (12 h \u00e0 13 h 30)<\/strong><\/td><td>20\u20ac \/ mois de septembre \u00e0 juin<\/td><\/tr><tr><td><strong>Repas pr\u00e9par\u00e9 sur le pouce (oubli lunch box)<\/strong><\/td><td>5\u20ac \/ repas<\/td><\/tr><tr><td><strong>Go\u00fbter (oubli)<\/strong><\/td><td>2\u20ac \/ go\u00fbter<\/td><\/tr><\/tbody><\/table><\/figure>\n\n\n\n<h4 class=\"wp-block-heading\">P\u00e9riscolaire<\/h4>\n\n\n\n<p>Un accueil p\u00e9riscolaire est possible sur demande anticip\u00e9e. Le tarif d\u00e9pend du nombre de familles inscrites. <\/p>\n\n\n\n<h2 class=\"wp-block-heading\">Tarifs et horaires rem\u00e9diation scolaire individuelle ( \u00e9l\u00e8ves scolaris\u00e9s ailleurs).<\/h2>\n\n\n\n<p>Le centre est ouvert du lundi au samedi sur RDV uniquement pour les s\u00e9ances de rem\u00e9diation individuelle, la priorit\u00e9 leur est donn\u00e9e les mercredis et les samedis.<\/p>\n\n\n\n<figure class=\"wp-block-table\"><table><tbody><tr><td><strong>S\u00e9ances individuelles<\/strong> (apprenants non scolaris\u00e9s chez Ressources Vives)<\/td><\/tr><tr><td>REMEDIATION 1H30<\/td><td>60\u20ac<\/td><\/tr><tr><td>REMEDIATION 2H<\/td><td>75\u20ac<\/td><\/tr><\/tbody><\/table><\/figure>\n\n\n\n<p>Des s\u00e9ances plus courtes (\u00e0 partir de 45 minutes) sont possibles selon l&rsquo;\u00e2ge et le profil de l&rsquo;apprenant. La dur\u00e9e est d\u00e9finie avec l&rsquo;enfant et la famille.<\/p>\n","protected":false},"excerpt":{"rendered":"<p>Tarifs \u00e9cole et coll\u00e8ge Ressources Vives du CP \u00e0 la 5\u00e8me TEMPS COMPLET Frais de dossier et fournitures 200\u20ac Frais \u00e9colage annuels 4800\u20ac 4\u00e8me et 3\u00e8me TEMPS COMPLET Frais de dossier et fournitures 250\u20ac Frais \u00e9colage 5000\u20ac L&rsquo;ensemble des frais peut \u00eatre mensualisable de septembre \u00e0 juin ou de septembre \u00e0 ao\u00fbt. En cas de&#8230;<\/p>\n","protected":false},"author":3,"featured_media":0,"parent":0,"menu_order":0,"comment_status":"closed","ping_status":"closed","template":"","meta":{"footnotes":""},"class_list":["post-3814","page","type-page","status-publish","hentry"],"_links":{"self":[{"href":"https:\/\/www.ressourcesvives.com\/index.php\/wp-json\/wp\/v2\/pages\/3814","targetHints":{"allow":["GET"]}}],"collection":[{"href":"https:\/\/www.ressourcesvives.com\/index.php\/wp-json\/wp\/v2\/pages"}],"about":[{"href":"https:\/\/www.ressourcesvives.com\/index.php\/wp-json\/wp\/v2\/types\/page"}],"author":[{"embeddable":true,"href":"https:\/\/www.ressourcesvives.com\/index.php\/wp-json\/wp\/v2\/users\/3"}],"replies":[{"embeddable":true,"href":"https:\/\/www.ressourcesvives.com\/index.php\/wp-json\/wp\/v2\/comments?post=3814"}],"version-history":[{"count":9,"href":"https:\/\/www.ressourcesvives.com\/index.php\/wp-json\/wp\/v2\/pages\/3814\/revisions"}],"predecessor-version":[{"id":4032,"href":"https:\/\/www.ressourcesvives.com\/index.php\/wp-json\/wp\/v2\/pages\/3814\/revisions\/4032"}],"wp:attachment":[{"href":"https:\/\/www.ressourcesvives.com\/index.php\/wp-json\/wp\/v2\/media?parent=3814"}],"curies":[{"name":"wp","href":"https:\/\/api.w.org\/{rel}","templated":true}]}}